{"id":38,"date":"2025-01-08T22:14:21","date_gmt":"2025-01-08T22:14:21","guid":{"rendered":"https:\/\/daicod.com\/inicio\/"},"modified":"2025-01-08T22:14:21","modified_gmt":"2025-01-08T22:14:21","slug":"inicio","status":"publish","type":"page","link":"https:\/\/daicod.com\/pt\/","title":{"rendered":"Home"},"content":{"rendered":"<div style=\"background-image:url(&apos;https:\/\/images.unsplash.com\/photo-1501770118606-b1d640526693?crop=entropy&amp;cs=srgb&amp;fm=jpg&amp;ixid=M3w0NTI1Mzl8MHwxfHNlYXJjaHwxfHx0ZWNobmljYWwlMjBzdXBwb3J0fGVufDB8fHx8MTczNjM3MjYwNXww&amp;ixlib=rb-4.0.3&amp;q=85&amp;w=1920&amp;h=800&amp;fit=crop&apos;);background-position:50% 50%;background-size:cover;\" class=\"wp-block-group alignfull hostinger-ai-background-image hostinger-ai-hero-opacity hostinger-ai-fade-up has-global-padding is-layout-constrained wp-block-group-is-layout-constrained has-background\" data-aos=\"fade-up\">\n    <div class=\"wp-block-group alignwide hostinger-ai-fade-up is-vertical is-content-justification-center is-nowrap is-layout-flex wp-container-core-group-is-layout-95764c33 wp-block-group-is-layout-flex\" data-aos=\"fade-up\" style=\"min-height:800px;padding-top:var(--wp--preset--spacing--40);padding-bottom:var(--wp--preset--spacing--40)\">\n        <div class=\"wp-block-group hostinger-ai-fade-up wp-container-content-69bc4bdf has-global-padding is-content-justification-center is-layout-constrained wp-container-core-group-is-layout-78267832 wp-block-group-is-layout-constrained\" data-aos=\"fade-up\">\n            <h1 class=\"wp-block-heading has-text-align-center hostinger-ai-title has-light-color has-text-color has-link-color has-xx-large-font-size wp-elements-b44c9a2e12e5a76f6d65d38fd0feb3f0\" style=\"margin-top:0;margin-right:0;margin-bottom:0;margin-left:0\">Solu\u00e7\u00f5es Inform\u00e1ticas<\/h1>\n            \n\n            \n            <p class=\"has-text-align-center hostinger-ai-description has-light-color has-text-color has-link-color has-medium-font-size wp-elements-7a275df77f9aee84d535d1c0817c201b\" style=\"margin-top:var(--wp--preset--spacing--20);margin-bottom:var(--wp--preset--spacing--50)\">Suporte t\u00e9cnico, desenvolvimento e consultoria em sistemas de inform\u00e1tica ao seu dispor.<\/p>\n            \n\n            \n            <div class=\"wp-block-buttons is-content-justification-center is-layout-flex wp-container-core-buttons-is-layout-a89b3969 wp-block-buttons-is-layout-flex\">\n                <div class=\"wp-block-button has-custom-font-size hostinger-ai-cta-button has-medium-font-size\"><a class=\"wp-block-button__link has-light-color has-contrast-background-color has-text-color has-background has-link-color has-border-color has-light-border-color wp-element-button\" style=\"padding-top:var(--wp--preset--spacing--30);padding-right:var(--wp--preset--spacing--70);padding-bottom:var(--wp--preset--spacing--30);padding-left:var(--wp--preset--spacing--70)\">Contate-nos<\/a><\/div>\n                <\/div>\n            <\/div>\n        <\/div>\n    <\/div>\n<div class=\"wp-block-group alignfull hostinger-ai-about-us-3 hostinger-ai-fade-up has-global-padding is-layout-constrained wp-block-group-is-layout-constrained\" data-aos=\"fade-up\">\n    <div class=\"wp-block-group alignwide hostinger-ai-fade-up is-layout-grid wp-container-core-group-is-layout-422a8eaf wp-block-group-is-layout-grid\" data-aos=\"fade-up\" style=\"padding-top:var(--wp--preset--spacing--60);padding-right:0;padding-bottom:var(--wp--preset--spacing--60);padding-left:0\">\n        <div class=\"wp-block-group hostinger-ai-fade-up wp-container-content-5e2576f9 is-vertical is-content-justification-left is-nowrap is-layout-flex wp-container-core-group-is-layout-f26a4d82 wp-block-group-is-layout-flex\" data-aos=\"fade-up\" style=\"padding-right:var(--wp--preset--spacing--60);padding-left:0\">\n            <h2 class=\"wp-block-heading hostinger-ai-title has-dark-color has-text-color has-link-color has-x-large-font-size wp-elements-530138b07202ba177bdbd30236c1854e\" style=\"margin-top:0;margin-right:0;margin-bottom:0;margin-left:0;padding-bottom:var(--wp--preset--spacing--20)\">Servi\u00e7os Inform\u00e1ticos<\/h2>\n            \n\n            \n            <p class=\"hostinger-ai-description has-dark-color has-text-color has-link-color has-medium-font-size wp-elements-378e06fd77d7e13b0ee105022e3fec29\" style=\"margin-top:0;margin-bottom:var(--wp--preset--spacing--50)\">Na Daico, oferecemos suporte t\u00e9cnico completo, desenvolvimento de sistemas e consultoria de TI, garantindo solu\u00e7\u00f5es eficazes para o seu neg\u00f3cio.<\/p>\n            \n\n            \n            <div class=\"wp-block-buttons is-layout-flex wp-block-buttons-is-layout-flex\">\n                <div class=\"wp-block-button has-custom-font-size hostinger-ai-cta-button hostinger-index-0 has-medium-font-size\"><a class=\"wp-block-button__link has-dark-color has-text-color has-link-color has-border-color has-dark-border-color wp-element-button\" style=\"padding-top:var(--wp--preset--spacing--30);padding-right:var(--wp--preset--spacing--70);padding-bottom:var(--wp--preset--spacing--30);padding-left:var(--wp--preset--spacing--70)\">Contate-nos<\/a><\/div>\n                <\/div>\n            <\/div>\n        \n\n        \n        <div class=\"wp-block-group hostinger-ai-fade-up is-layout-grid wp-container-core-group-is-layout-478b6e6b wp-block-group-is-layout-grid\" data-aos=\"fade-up\">\n            <figure class=\"wp-block-image size-full has-custom-border hostinger-ai-image hostinger-index-4 wp-container-content-69bc4bdf\"><img decoding=\"async\" src=\"https:\/\/images.unsplash.com\/photo-1562388364-cfca9bff0b41?crop=entropy&amp;cs=srgb&amp;fm=jpg&amp;ixid=M3w0NTI1Mzl8MHwxfHNlYXJjaHwyfHx0ZWNobmljYWwlMjBzdXBwb3J0fGVufDB8fHx8MTczNjM3MjYwNXww&amp;ixlib=rb-4.0.3&amp;q=85&amp;w=273&amp;h=462&amp;fit=crop\" alt=\"\" class=\"wp-image-478\" style=\"border-radius:8px\"><\/figure>\n            \n\n            \n            <figure class=\"wp-block-image size-full has-custom-border hostinger-ai-image hostinger-index-5\"><img decoding=\"async\" src=\"https:\/\/images.unsplash.com\/photo-1454165804606-c3d57bc86b40?crop=entropy&amp;cs=srgb&amp;fm=jpg&amp;ixid=M3w0NTI1Mzl8MHwxfHNlYXJjaHwzfHx0ZWNobmljYWwlMjBzdXBwb3J0fGVufDB8fHx8MTczNjM3MjYwNXww&amp;ixlib=rb-4.0.3&amp;q=85&amp;w=273&amp;h=462&amp;fit=crop\" alt=\"\" class=\"wp-image-479\" style=\"border-radius:8px\"><\/figure>\n            <\/div>\n        <\/div>\n    <\/div>\n<div class=\"wp-block-group alignwide hostinger-ai-our-services-4 hostinger-ai-fade-up has-global-padding is-layout-constrained wp-block-group-is-layout-constrained\" data-aos=\"fade-up\" style=\"padding-top:0;padding-bottom:0\">\n    <div class=\"wp-block-group alignwide hostinger-ai-fade-up is-nowrap is-layout-flex wp-container-core-group-is-layout-4ac5639c wp-block-group-is-layout-flex\" data-aos=\"fade-up\" style=\"margin-bottom:0;padding-top:0;padding-bottom:var(--wp--preset--spacing--30)\">\n        <div class=\"wp-block-columns is-layout-flex wp-container-core-columns-is-layout-28f84493 wp-block-columns-is-layout-flex\">\n            <div class=\"wp-block-column is-layout-flow wp-block-column-is-layout-flow\" style=\"flex-basis:50%\">\n                <h2 class=\"wp-block-heading hostinger-ai-service-title has-x-large-font-size\" style=\"margin-bottom:0\">Servicios Inform&aacute;ticos Avanzados<\/h2>\n                <\/div>\n            \n\n            \n            <div class=\"wp-block-column is-vertically-aligned-center has-small-font-size has-global-padding is-layout-constrained wp-block-column-is-layout-constrained\" style=\"flex-basis:50%\">\n                <p class=\"hostinger-ai-service-description has-medium-font-size\">Ofrecemos soporte t&eacute;cnico, desarrollo de sistemas y administraci&oacute;n de redes para su empresa.<\/p>\n                <\/div>\n            <\/div>\n        <\/div>\n    \n\n    \n    <div class=\"wp-block-group alignwide image-row hostinger-ai-fade-up is-layout-flex wp-block-group-is-layout-flex\" data-aos=\"fade-up\" style=\"margin-bottom:0;padding-top:var(--wp--preset--spacing--30)\">\n        <figure class=\"wp-block-image size-full has-custom-border hostinger-ai-service-image hostinger-index-4\"><img decoding=\"async\" src=\"https:\/\/images.unsplash.com\/photo-1620860279731-3f193cffe80f?crop=entropy&amp;cs=srgb&amp;fm=jpg&amp;ixid=M3w0NTI1Mzl8MHwxfHNlYXJjaHw0fHx0ZWNobmljYWwlMjBzdXBwb3J0fGVufDB8fHx8MTczNjM3MjYwNXww&amp;ixlib=rb-4.0.3&amp;q=85&amp;w=700&amp;h=320&amp;fit=crop\" alt=\"\" class=\"wp-image-554\" style=\"border-radius:8px\"><\/figure>\n        \n\n        \n        <figure class=\"wp-block-image alignfull size-full has-custom-border hostinger-ai-service-image hostinger-index-5\"><img decoding=\"async\" src=\"https:\/\/images.unsplash.com\/photo-1565164705190-d5e3b7fb3446?crop=entropy&amp;cs=srgb&amp;fm=jpg&amp;ixid=M3w0NTI1Mzl8MHwxfHNlYXJjaHw1fHx0ZWNobmljYWwlMjBzdXBwb3J0fGVufDB8fHx8MTczNjM3MjYwNXww&amp;ixlib=rb-4.0.3&amp;q=85&amp;w=400&amp;h=320&amp;fit=crop\" alt=\"\" class=\"wp-image-555\" style=\"border-radius:8px\"><\/figure>\n        <\/div>\n    <\/div>\n<div class=\"wp-block-group alignfull hostinger-ai-resume-1 hostinger-ai-fade-up has-global-padding is-layout-constrained wp-block-group-is-layout-constrained\" data-aos=\"fade-up\">\n    <div class=\"wp-block-group alignwide hostinger-ai-fade-up is-layout-flow wp-block-group-is-layout-flow\" data-aos=\"fade-up\" style=\"padding-top:var(--wp--preset--spacing--60);padding-bottom:var(--wp--preset--spacing--60)\">\n        <div class=\"wp-block-columns is-layout-flex wp-container-core-columns-is-layout-783b4be3 wp-block-columns-is-layout-flex\" style=\"margin-bottom:var(--wp--preset--spacing--60)\">\n            <div class=\"wp-block-column is-layout-flow wp-block-column-is-layout-flow\">\n                <h2 class=\"wp-block-heading hostinger-ai-title has-dark-color has-text-color has-link-color has-x-large-font-size wp-elements-ed40e63ca0ef2ab82d411bddf87ea387\" style=\"margin-bottom:var(--wp--preset--spacing--20)\">Servi\u00e7os Inform\u00e1ticos<\/h2>\n                <\/div>\n            \n\n            \n            <div class=\"wp-block-column is-layout-flow wp-block-column-is-layout-flow\">\n                <p class=\"hostinger-ai-description has-dark-color has-text-color has-link-color has-medium-font-size wp-elements-c006f0ad66daaaefb34275ae7e0c7c31\" style=\"margin-top:0;margin-bottom:var(--wp--preset--spacing--70)\">Ofrecemos soporte t&eacute;cnico, desarrollo de software y administraci&oacute;n de sistemas inform&aacute;ticos para empresas y particulares.<\/p>\n                \n\n                \n                <p class=\"hostinger-ai-description hostinger-index-1\" style=\"margin-bottom:var(--wp--preset--spacing--50)\">Experiencia profesional amplia.<\/p>\n                <\/div>\n            <\/div>\n        \n\n        \n        <div class=\"wp-block-columns is-layout-flex wp-container-core-columns-is-layout-28f84493 wp-block-columns-is-layout-flex\">\n            <div class=\"wp-block-column is-layout-flow wp-block-column-is-layout-flow\">\n                <h2 class=\"wp-block-heading hostinger-ai-title hostinger-index-1 has-dark-color has-text-color has-link-color has-x-large-font-size wp-elements-19828ae2339666270c6c5ef3164acfd2\" style=\"margin-bottom:var(--wp--preset--spacing--20)\">Consultor&iacute;a IT<\/h2>\n                <\/div>\n            \n\n            \n            <div class=\"wp-block-column is-layout-flow wp-block-column-is-layout-flow\">\n                <div class=\"wp-block-group hostinger-ai-fade-up is-layout-flow wp-block-group-is-layout-flow\" data-aos=\"fade-up\" style=\"margin-bottom:var(--wp--preset--spacing--60)\">\n                    <p class=\"hostinger-ai-subtitle hostinger-index-1 hostinger-ai-font-bold has-dark-color has-text-color has-link-color has-medium-font-size wp-elements-ef1715409729309d6859dd1d4f656bd0\" style=\"margin-top:0;margin-bottom:var(--wp--preset--spacing--20)\">Soluciones personalizadas para empresas.<\/p>\n                    \n\n                    \n                    <p class=\"hostinger-ai-workplace hostinger-index-1\" style=\"margin-top:0px;margin-bottom:0\">Oficina IT<\/p>\n                    \n\n                    \n                    <p class=\"hostinger-ai-date hostinger-index-1\" style=\"margin-top:0;margin-bottom:var(--wp--preset--spacing--20)\">Desde 2010 hasta hoy.<\/p>\n                    \n\n                    \n                    <p class=\"hostinger-ai-description hostinger-index-1\" style=\"margin-top:0px\">Experiencia profesional amplia.<\/p>\n                    <\/div>\n                \n\n                \n                <div class=\"wp-block-group hostinger-ai-fade-up is-layout-flow wp-block-group-is-layout-flow\" data-aos=\"fade-up\">\n                    <p class=\"hostinger-ai-subtitle hostinger-index-2 hostinger-ai-font-bold has-dark-color has-text-color has-link-color has-medium-font-size wp-elements-908db8b69196f367cb50f91874692e1c\" style=\"margin-top:0;margin-bottom:var(--wp--preset--spacing--20)\">Soporte t&eacute;cnico<\/p>\n                    \n\n                    \n                    <p class=\"hostinger-ai-workplace hostinger-index-2\" style=\"margin-top:0px;margin-bottom:0\">T&eacute;cnico de soporte<\/p>\n                    \n\n                    \n                    <p class=\"hostinger-ai-date hostinger-index-2\" style=\"margin-top:0px;margin-bottom:var(--wp--preset--spacing--20)\">Desde 2015 hasta hoy.<\/p>\n                    \n\n                    \n                    <p class=\"hostinger-ai-description hostinger-index-2\" style=\"margin-top:0px\">Atendemos notebooks, PCs y impresoras con un enfoque profesional y personalizado.<\/p>\n                    <\/div>\n                <\/div>\n            <\/div>\n        <\/div>\n    <\/div>\n<div class=\"wp-block-group alignfull hostinger-ai-solid-block has-color-1-background-color has-background hostinger-ai-fade-up has-global-padding is-layout-constrained wp-block-group-is-layout-constrained\" data-aos=\"fade-up\" style=\"padding-top:var(--wp--preset--spacing--60);padding-bottom:var(--wp--preset--spacing--60)\">\n    <div class=\"wp-block-group alignwide hostinger-ai-fade-up is-vertical is-content-justification-center is-nowrap is-layout-flex wp-container-core-group-is-layout-4cc6ee0a wp-block-group-is-layout-flex\" data-aos=\"fade-up\" style=\"min-height:0px;padding-top:0;padding-bottom:0\">\n        <div class=\"wp-block-group hostinger-ai-fade-up wp-container-content-69bc4bdf has-global-padding is-content-justification-center is-layout-constrained wp-container-core-group-is-layout-78267832 wp-block-group-is-layout-constrained\" data-aos=\"fade-up\">\n            <h2 class=\"wp-block-heading has-text-align-center hostinger-ai-title has-dark-color has-text-color has-link-color has-x-large-font-size wp-elements-027846f91c7ea234f0bad7ec4d5d0fd7\" style=\"margin-top:0;margin-right:0;margin-bottom:0;margin-left:0\">Solu\u00e7\u00f5es Inform\u00e1ticas<\/h2>\n            \n\n            \n            <p class=\"has-text-align-center hostinger-ai-description has-dark-color has-text-color has-link-color has-medium-font-size wp-elements-8240fb31c7b7502c8bd55cf929732ee4\" style=\"margin-top:var(--wp--preset--spacing--20);margin-bottom:var(--wp--preset--spacing--50)\">Ofrecemos soporte t&eacute;cnico, desarrollo de sistemas y consultor&iacute;a en inform&aacute;tica para optimizar tu negocio y mejorar tu productividad.<\/p>\n            \n\n            \n            <div class=\"wp-block-buttons is-content-justification-center is-layout-flex wp-container-core-buttons-is-layout-a89b3969 wp-block-buttons-is-layout-flex\">\n                <div class=\"wp-block-button has-custom-font-size hostinger-ai-cta-button has-medium-font-size\"><a class=\"wp-block-button__link has-dark-color has-contrast-background-color has-text-color has-background has-link-color has-border-color has-dark-border-color wp-element-button\" style=\"padding-top:var(--wp--preset--spacing--30);padding-right:var(--wp--preset--spacing--70);padding-bottom:var(--wp--preset--spacing--30);padding-left:var(--wp--preset--spacing--70)\">Cont&aacute;ctanos<\/a><\/div>\n                <\/div>\n            <\/div>\n        <\/div>\n    <\/div>","protected":false},"excerpt":{"rendered":"<p>Soluciones Inform&aacute;ticas Soporte t&eacute;cnico, desarrollo y consultor&iacute;a en sistemas inform&aacute;ticos a su servicio. Servicios Inform&aacute;ticos En Service IT, ofrecemos soporte t&eacute;cnico integral, desarrollo de sistemas y consultor&iacute;a en inform&aacute;tica, garantizando soluciones efectivas para su negocio. Servicios Inform&aacute;ticos Avanzados Ofrecemos soporte t&eacute;cnico, desarrollo de sistemas y administraci&oacute;n de redes para su empresa. Servicios Inform&aacute;ticos Ofrecemos soporte [&hellip;]<\/p>\n","protected":false},"author":1,"featured_media":0,"parent":0,"menu_order":0,"comment_status":"closed","ping_status":"closed","template":"","meta":{"footnotes":""},"class_list":["post-38","page","type-page","status-publish","hentry"],"_links":{"self":[{"href":"https:\/\/daicod.com\/pt\/wp-json\/wp\/v2\/pages\/38","targetHints":{"allow":["GET"]}}],"collection":[{"href":"https:\/\/daicod.com\/pt\/wp-json\/wp\/v2\/pages"}],"about":[{"href":"https:\/\/daicod.com\/pt\/wp-json\/wp\/v2\/types\/page"}],"author":[{"embeddable":true,"href":"https:\/\/daicod.com\/pt\/wp-json\/wp\/v2\/users\/1"}],"replies":[{"embeddable":true,"href":"https:\/\/daicod.com\/pt\/wp-json\/wp\/v2\/comments?post=38"}],"version-history":[{"count":0,"href":"https:\/\/daicod.com\/pt\/wp-json\/wp\/v2\/pages\/38\/revisions"}],"wp:attachment":[{"href":"https:\/\/daicod.com\/pt\/wp-json\/wp\/v2\/media?parent=38"}],"curies":[{"name":"wp","href":"https:\/\/api.w.org\/{rel}","templated":true}]}}